{"id":3381,"date":"2022-01-31T02:11:31","date_gmt":"2022-01-31T01:11:31","guid":{"rendered":"https:\/\/oezkan.legal\/?page_id=3381"},"modified":"2025-01-07T12:17:42","modified_gmt":"2025-01-07T11:17:42","slug":"hukuk-buerosu-oezkan-offenbach-am-main-tuerkce","status":"publish","type":"page","link":"https:\/\/oezkan.legal\/tr\/","title":{"rendered":"Hukuk B\u00fcrosu \u00d6zkan Offenbach am Main T\u00fcrkce"},"content":{"rendered":"<section id=\"section-2-3640\" class=\" ct-section \" ><div class=\"ct-section-inner-wrap\"><div id=\"div_block-13-3640\" class=\"ct-div-block m-container\" ><div id=\"div_block-4-3640\" class=\"ct-div-block\" ><div id=\"div_block-18-3640\" class=\"ct-div-block\" ><div id=\"text_block-16-3640\" class=\"ct-text-block\" >Hukuk B\u00fcrosu \u00d6zkan <\/div><h1 id=\"headline-8-3640\" class=\"ct-headline\">\n\nG\u00f6\u00e7 hukuku avukat\u0131n\u0131z<\/h1><div id=\"div_block-29-4453\" class=\"ct-div-block\" ><div id=\"div_block-24-4453\" class=\"ct-div-block\" ><a id=\"link_button-21-4453\" class=\"ct-link-button btn-gold\" href=\"https:\/\/oezkan.legal\/kontakt\/\"   >Kontakt<\/a><\/div><div id=\"div_block-23-4453\" class=\"ct-div-block\" ><a id=\"link_button-34-4453\" class=\"ct-link-button btn-gold\" href=\"https:\/\/oezkan.legal\/tr\/randevu\/\"   >Randevu<\/a><\/div><\/div><\/div><div id=\"div_block-20-3640\" class=\"ct-div-block\" ><div id=\"div_block-33-3640\" class=\"ct-div-block\" ><div id=\"div_block-24-3640\" class=\"ct-div-block\" ><div id=\"fancy_icon-22-3640\" class=\"ct-fancy-icon\" ><svg id=\"svg-fancy_icon-22-3640\"><use xlink:href=\"#Lineariconsicon-phone-handset\"><\/use><\/svg><\/div><div id=\"text_block-21-3640\" class=\"ct-text-block\" >069 87006620<\/div><\/div><div id=\"div_block-29-3640\" class=\"ct-div-block\" ><div id=\"fancy_icon-30-3640\" class=\"ct-fancy-icon\" ><svg id=\"svg-fancy_icon-30-3640\"><use xlink:href=\"#Lineariconsicon-pencil\"><\/use><\/svg><\/div><div id=\"text_block-31-3640\" class=\"ct-text-block\" >info@oezkan.legal<br><\/div><\/div><\/div><div id=\"div_block-26-3640\" class=\"ct-div-block\" ><div id=\"fancy_icon-27-3640\" class=\"ct-fancy-icon\" ><svg id=\"svg-fancy_icon-27-3640\"><use xlink:href=\"#Lineariconsicon-map-marker\"><\/use><\/svg><\/div><div id=\"text_block-28-3640\" class=\"ct-text-block\" >Kaiserstr. 39 \u00b7 Haus C<br>63065 Offenbach am Main<br><\/div><\/div><\/div><\/div><div id=\"div_block-6-3640\" class=\"ct-div-block\" ><img decoding=\"async\"  id=\"image-7-3640\" alt=\"\" src=\"https:\/\/oezkan.legal\/wp-content\/uploads\/2025\/12\/nachtansicht-von-der-dachterrasse-der-innenstadt-von-frankfurt-mit-stadtischen-wolkenkratzern-scaled.jpg\" class=\"ct-image hero-image\"\/><\/div><\/div><\/div><\/section>\n\n<section id=\"section-121-3640\" class=\" ct-section\" ><div class=\"ct-section-inner-wrap\"><div id=\"div_block-122-3640\" class=\"ct-div-block\" ><h2 id=\"headline-123-3640\" class=\"ct-headline\">Deneyimli tak\u0131m Profesyonel tavsiye<\/h2><\/div><div id=\"div_block-124-3640\" class=\"ct-div-block\" ><div id=\"_rich_text-125-3640\" class=\"oxy-rich-text\" ><p><span style=\"color: #000000;\">Sayfama ho\u015f geldiniz. Uzmanl\u0131\u011f\u0131m ve bilgi birikimimle size a\u015fa\u011f\u0131daki alanlarda hukuki endi\u015felerinizde yard\u0131mc\u0131 olabilirim: <strong>\u0130ltica hukuku<\/strong>, <strong>G&ouml;&ccedil; hukuku<\/strong>, ve <strong>Ceza hukuku<\/strong>.<\/span><\/p>\n<p><span style=\"color: #000000;\">Avrupa, &ouml;zellikle Almanya, giderek artan g&ouml;&ccedil; ile g&ouml;&ccedil;&uuml;n ana hedefi olarak giderek daha &ccedil;ekici hale geldi.<\/span><br \/><span style=\"color: #000000;\">Nitelikli &ccedil;al\u0131\u015fanlar\u0131n ve serbest meslek sahiplerinin artan g&ouml;&ccedil;&uuml;ne ek olarak, gen&ccedil;ler de burada okumak i&ccedil;in Almanya'ya &ccedil;ekiliyor.<\/span><br \/><span style=\"color: #000000;\">Yeni Nitelikli \u0130\u015f&ccedil;i G&ouml;&ccedil; Yasas\u0131 ile Federal H&uuml;k&uuml;met, &uuml;&ccedil;&uuml;nc&uuml; &uuml;lkelerden nitelikli &ccedil;al\u0131\u015fanlar\u0131n hedeflenen ve artan g&ouml;&ccedil;&uuml; i&ccedil;in bir &ccedil;er&ccedil;eve olu\u015fturuyor.<\/span><br \/><span style=\"color: #000000;\">G&ouml;&ccedil; politikas\u0131n\u0131n amac\u0131, Almanya'ya ak\u0131n\u0131 ve &uuml;lkede kal\u0131\u015flar\u0131n\u0131 g&uuml;venilir bir \u015fekilde d&uuml;zenlemek olmal\u0131d\u0131r.<\/span><br \/><span style=\"color: #000000;\">Bir Avukat ve G&ouml;&ccedil; Hukuku Uzman Avukat\u0131 olarak, Ba\u015fbakanl\u0131k ekibi sizi ilgili Alman makamlar\u0131na kar\u015f\u0131 en iyi \u015fekilde temsil etme g&ouml;revi oldu\u011funu d&uuml;\u015f&uuml;n&uuml;yor.<\/span><\/p>\n<p><!-- wp:paragraph --> <!-- \/wp:paragraph --> <!-- wp:paragraph --> <!-- \/wp:paragraph --> <!-- wp:paragraph --> <!-- \/wp:paragraph --><\/p>\n<p><span style=\"color: #000000;\">Alman g&ouml;&ccedil;menlik yasas\u0131 ekibimiz, g&ouml;&ccedil;menlik yasas\u0131n\u0131n t&uuml;m alanlar\u0131nda hem &ouml;zel ki\u015filere hem de \u015firketlere dan\u0131\u015fmanl\u0131k yapmakta ve onlar\u0131 temsil etmektedir. \u0130\u015f arayanlar i&ccedil;in vize, AB Mavi Kartlar\u0131, &ccedil;al\u0131\u015fanlar i&ccedil;in oturma izinleri, yat\u0131r\u0131mc\u0131lar i&ccedil;in oturma izinleri, aile birle\u015fmeleri, yerle\u015fim izni ba\u015fvurular\u0131 veya Alman vatanda\u015fl\u0131\u011f\u0131 olsun, &ccedil;ok &ccedil;e\u015fitli olanaklar bulunmaktad\u0131r.<\/span><\/p><\/div><\/div><\/div><\/section>\n\n<section id=\"section-82-3710\" class=\" ct-section \" ><div class=\"ct-section-inner-wrap\"><div id=\"div_block-83-3710\" class=\"ct-div-block\" ><div id=\"div_block-91-3710\" class=\"ct-div-block\" ><div id=\"text_block-92-3710\" class=\"ct-text-block\" >Zafer \u00d6zkan hukuk b\u00fcrosu <\/div><div id=\"_rich_text-93-3710\" class=\"oxy-rich-text heading-white\" ><h2>Kontak<\/h2><p>Bir sorunuz mu var yoksa randevu almak m\u0131 istiyorsunuz?<br \/><br \/>O halde hemen bize yaz\u0131n!<\/p><\/div><a id=\"link_button-117-3710\" class=\"ct-link-button btn-gold\" href=\"https:\/\/oezkan.legal\/tr\/sonteslimtarihi\/\"   >Son teslim tarihi<\/a><\/div><div id=\"div_block-94-3710\" class=\"ct-div-block\" ><a id=\"link-95-3710\" class=\"ct-link\" href=\"tel:069870066299\"   ><div id=\"fancy_icon-96-3710\" class=\"ct-fancy-icon\" ><svg id=\"svg-fancy_icon-96-3710\"><use xlink:href=\"#Lineariconsicon-phone-handset\"><\/use><\/svg><\/div><div id=\"text_block-97-3710\" class=\"ct-text-block\" >069 87006620<\/div><\/a><div id=\"div_block-98-3710\" class=\"ct-div-block\" ><div id=\"fancy_icon-99-3710\" class=\"ct-fancy-icon\" ><svg id=\"svg-fancy_icon-99-3710\"><use xlink:href=\"#Lineariconsicon-printer\"><\/use><\/svg><\/div><div id=\"text_block-100-3710\" class=\"ct-text-block\" >069 870066299<\/div><\/div><div id=\"div_block-101-3710\" class=\"ct-div-block\" ><div id=\"fancy_icon-102-3710\" class=\"ct-fancy-icon\" ><svg id=\"svg-fancy_icon-102-3710\"><use xlink:href=\"#Lineariconsicon-pencil\"><\/use><\/svg><\/div><div id=\"text_block-103-3710\" class=\"ct-text-block\" >info@oezkan.legal<br><\/div><\/div><div id=\"div_block-104-3710\" class=\"ct-div-block\" ><div id=\"fancy_icon-105-3710\" class=\"ct-fancy-icon\" ><svg id=\"svg-fancy_icon-105-3710\"><use xlink:href=\"#Lineariconsicon-map-marker\"><\/use><\/svg><\/div><div id=\"text_block-106-3710\" class=\"ct-text-block\" >Kaiserstr. 39 \u00b7 Haus C<br>63065 Offenbach am Main<br><\/div><\/div><\/div><\/div><div id=\"div_block-107-3710\" class=\"ct-div-block\" >\n\t\t<div id=\"-form_widget-110-3710\" class=\"oxy-form-widget ff-oxy-element\" ><div class='fluentform ff-default fluentform_wrapper_4 ffs_default_wrap'><form data-form_id=\"4\" id=\"fluentform_4\" class=\"frm-fluent-form fluent_form_4 ff-el-form-top ff_form_instance_4_1 ff-form-loading ffs_default\" data-form_instance=\"ff_form_instance_4_1\" method=\"POST\" ><fieldset  style=\"border: none!important;margin: 0!important;padding: 0!important;background-color: transparent!important;box-shadow: none!important;outline: none!important; min-inline-size: 100%;\">\n                    <legend class=\"ff_screen_reader_title\" style=\"display: block; margin: 0!important;padding: 0!important;height: 0!important;text-indent: -999999px;width: 0!important;overflow:hidden;\">Kontakt Tur<\/legend><input type='hidden' name='__fluent_form_embded_post_id' value='3381' \/><input type=\"hidden\" id=\"_fluentform_4_fluentformnonce\" name=\"_fluentform_4_fluentformnonce\" value=\"af7b10eed9\" \/><input type=\"hidden\" name=\"_wp_http_referer\" value=\"\/tr\/wp-json\/wp\/v2\/pages\/3381\" \/><div class='ff-el-group ff-el-form-hide_label'><div class=\"ff-el-input--label ff-el-is-required asterisk-right\"><label for='ff_4_input_text' id='label_ff_4_input_text' aria-label=\"\u0130sim\">\u0130sim<\/label><\/div><div class='ff-el-input--content'><input type=\"text\" name=\"input_text\" class=\"ff-el-form-control\" placeholder=\"\u0130sim *\" data-name=\"input_text\" id=\"ff_4_input_text\"  aria-invalid=\"false\" aria-required=true><\/div><\/div><div data-name=\"ff_cn_id_1\"  class='ff-t-container ff-column-container ff_columns_total_2 '><div class='ff-t-cell ff-t-column-1' style='flex-basis: 50%;'><div class='ff-el-group ff-el-form-hide_label'><div class=\"ff-el-input--label ff-el-is-required asterisk-right\"><label for='ff_4_email' id='label_ff_4_email' aria-label=\"E-Mail\">E-Mail<\/label><\/div><div class='ff-el-input--content'><input type=\"email\" name=\"email\" id=\"ff_4_email\" class=\"ff-el-form-control\" placeholder=\"E-Mail *\" data-name=\"email\"  aria-invalid=\"false\" aria-required=true><\/div><\/div><\/div><div class='ff-t-cell ff-t-column-2' style='flex-basis: 50%;'><div class='ff-el-group ff-el-form-hide_label'><div class=\"ff-el-input--label asterisk-right\"><label for='ff_4_input_text_1' id='label_ff_4_input_text_1' aria-label=\"Telefon\">Telefon<\/label><\/div><div class='ff-el-input--content'><input type=\"text\" name=\"input_text_1\" class=\"ff-el-form-control\" placeholder=\"Telefon\" data-name=\"input_text_1\" id=\"ff_4_input_text_1\"  aria-invalid=\"false\" aria-required=false><\/div><\/div><\/div><\/div><div class='ff-el-group ff-el-form-hide_label'><div class=\"ff-el-input--label asterisk-right\"><label for='ff_4_dropdown' id='label_ff_4_dropdown' aria-label=\"Themen\">Themen<\/label><\/div><div class='ff-el-input--content'><select name=\"dropdown\" id=\"ff_4_dropdown\" class=\"ff-el-form-control\" data-name=\"dropdown\" data-calc_value=\"0\"  aria-invalid=\"false\" aria-required=\"false\" aria-labelledby=\"label_ff_4_dropdown\"><option value=\"\">Tema<\/option><option value=\"Ceza Hukuku\"  >Ceza Hukuku<\/option><option value=\"G\u00f6\u00e7 Hukuku\"  >G\u00f6\u00e7 Hukuku<\/option><option value=\"Yabanc\u0131lar Hukuku\"  >Yabanc\u0131lar Hukuku<\/option><option value=\"\u0130ltica hakk\u0131\"  >\u0130ltica hakk\u0131<\/option><option value=\"Genel soru\u015fturma\"  >Genel soru\u015fturma<\/option><\/select><\/div><\/div><div class='ff-el-group ff-el-form-hide_label'><div class=\"ff-el-input--label ff-el-is-required asterisk-right\"><label for='ff_4_description' id='label_ff_4_description' aria-label=\"Bize mesaj\u0131n\u0131z\">Bize mesaj\u0131n\u0131z<\/label><\/div><div class='ff-el-input--content'><textarea aria-required=\"true\" aria-labelledby=\"label_ff_4_description\" name=\"description\" id=\"ff_4_description\" class=\"ff-el-form-control\" placeholder=\"Bize mesaj\u0131n\u0131z\" rows=\"3\" cols=\"2\" data-name=\"description\" ><\/textarea><\/div><\/div><div class='ff-el-group    ff-el-input--content'><div class='ff-el-form-check ff-el-tc'><label aria-label='Bu web sitesinin, iste\u011fime yan\u0131t verebilmesi i\u00e7in g\u00f6nderilen bilgilerimi saklamas\u0131n\u0131 kabul ediyorum.' class='ff-el-form-check-label ff_tc_label' for=gdpr-agreement_5852e08f8169671ef5f3967f9ead5168><span class='ff_tc_checkbox'><input type=\"checkbox\" name=\"gdpr-agreement\" class=\"ff-el-form-check-input ff_gdpr_field\" data-name=\"gdpr-agreement\" id=\"gdpr-agreement_5852e08f8169671ef5f3967f9ead5168\"  value='on' aria-invalid='false' aria-required=true><\/span> <div class='ff_t_c'>Bu web sitesinin, iste\u011fime yan\u0131t verebilmesi i\u00e7in g\u00f6nderilen bilgilerimi saklamas\u0131n\u0131 kabul ediyorum.<\/div><\/label><\/div><\/div><div class='ff-el-group ff-text-left ff_submit_btn_wrapper'><button type=\"submit\" class=\"ff-btn ff-btn-submit ff-btn-md ff_btn_style\"  aria-label=\"G\u00f6nder\">G\u00f6nder<\/button><\/div><\/fieldset><\/form><div id='fluentform_4_errors' class='ff-errors-in-stack ff_form_instance_4_1 ff-form-loading_errors ff_form_instance_4_1_errors'><\/div><\/div>            <script type=\"text\/javascript\">\n                window.fluent_form_ff_form_instance_4_1 = {\"id\":\"4\",\"settings\":{\"layout\":{\"labelPlacement\":\"top\",\"asteriskPlacement\":\"asterisk-right\",\"helpMessagePlacement\":\"with_label\",\"errorMessagePlacement\":\"inline\",\"cssClassName\":\"\"},\"restrictions\":{\"denyEmptySubmission\":{\"enabled\":false}}},\"form_instance\":\"ff_form_instance_4_1\",\"form_id_selector\":\"fluentform_4\",\"rules\":{\"input_text\":{\"required\":{\"value\":true,\"message\":\"Dieses Feld ist erforderlich\",\"global_message\":\"Dieses Feld ist erforderlich\",\"global\":true}},\"email\":{\"required\":{\"value\":true,\"message\":\"Dieses Feld ist erforderlich\",\"global_message\":\"Dieses Feld ist erforderlich\",\"global\":true},\"email\":{\"value\":true,\"message\":\"Dieses Feld muss eine g\\u00fcltige E-Mail-Adresse enthalten\",\"global_message\":\"Dieses Feld muss eine g\\u00fcltige E-Mail-Adresse enthalten\",\"global\":true}},\"input_text_1\":{\"required\":{\"value\":false,\"message\":\"Dieses Feld ist erforderlich\",\"global_message\":\"Dieses Feld ist erforderlich\",\"global\":true}},\"dropdown\":{\"required\":{\"value\":false,\"message\":\"Dieses Feld ist erforderlich\",\"global_message\":\"Dieses Feld ist erforderlich\",\"global\":true}},\"description\":{\"required\":{\"value\":true,\"message\":\"Dieses Feld ist erforderlich\",\"global_message\":\"Dieses Feld ist erforderlich\",\"global\":true}},\"gdpr-agreement\":{\"required\":{\"value\":true,\"message\":\"Dieses Feld ist erforderlich\",\"global_message\":\"Dieses Feld ist erforderlich\",\"global\":true}}},\"debounce_time\":300};\n                            <\/script>\n            <\/div>\n\n\t\t<\/div><\/div><\/section><section id=\"section-33-3710\" class=\" ct-section\" ><div class=\"ct-section-inner-wrap\"><div id=\"code_block-34-3710\" class=\"ct-code-block\" > <div class=\"brlbs-cmpnt-container brlbs-cmpnt-content-blocker brlbs-cmpnt-with-individual-styles\" data-borlabs-cookie-content-blocker-id=\"google-maps\" data-borlabs-cookie-content=\"PGlmcmFtZSBzcmM9Imh0dHBzOi8vd3d3Lmdvb2dsZS5jb20vbWFwcy9lbWJlZD9wYj0hMW0xOCExbTEyITFtMyExZDI1NTkuMDc2MjMxNjQ2NjA3ITJkOC43NTc2ODk3NzkxMzEwMjchM2Q1MC4xMDM1ODAwODUyOTQzOCEybTMhMWYwITJmMCEzZjAhM20yITFpMTAyNCEyaTc2OCE0ZjEzLjEhM20zITFtMiExczB4NDdiZDBlMDgzNmExMTU5OSUzQTB4ZTZhZGUyZGJmMGNjNDM2ZSEyc1JlY2h0c2Fud2FsdCUyMFphZmVyJTIwJUMzJTk2emthbiE1ZTAhM20yITFzZGUhMnNlbiE0djE3MzQ2MjEwMzI3MDchNW0yITFzZGUhMnNlbiIgd2lkdGg9IjEwMCUiIGhlaWdodD0iNDUwIiBzdHlsZT0iYm9yZGVyOjA7IiBhbGxvd2Z1bGxzY3JlZW49IiIgbG9hZGluZz0ibGF6eSIgcmVmZXJyZXJwb2xpY3k9Im5vLXJlZmVycmVyLXdoZW4tZG93bmdyYWRlIj48L2lmcmFtZT4=\"><div class=\"brlbs-cmpnt-cb-preset-b brlbs-cmpnt-cb-google-maps\"> <div class=\"brlbs-cmpnt-cb-thumbnail\" style=\"background-image: url('https:\/\/oezkan.legal\/wp-content\/uploads\/borlabs-cookie\/1\/brlbs-cb-google-maps-main.png')\"><\/div> <div class=\"brlbs-cmpnt-cb-main\"> <div class=\"brlbs-cmpnt-cb-content\"> <p class=\"brlbs-cmpnt-cb-description\">You are currently viewing a placeholder content from <strong>Google Maps<\/strong>. To access the actual content, click the button below. Please note that doing so will share data with third-party providers.<\/p> <a class=\"brlbs-cmpnt-cb-provider-toggle\" href=\"#\" data-borlabs-cookie-show-provider-information role=\"button\">More Information<\/a> <\/div> <div class=\"brlbs-cmpnt-cb-buttons\"> <a class=\"brlbs-cmpnt-cb-btn\" href=\"#\" data-borlabs-cookie-unblock role=\"button\">Unblock content<\/a> <a class=\"brlbs-cmpnt-cb-btn\" href=\"#\" data-borlabs-cookie-accept-service role=\"button\" style=\"display: inherit\">Accept required service and unblock content<\/a> <\/div> <\/div> <\/div><\/div><\/div><\/div><\/section>\n\n\n<h3 class=\"wp-block-heading\"><\/h3>\n","protected":false},"excerpt":{"rendered":"","protected":false},"author":2,"featured_media":0,"parent":0,"menu_order":0,"comment_status":"closed","ping_status":"closed","template":"","meta":{"footnotes":""},"class_list":["post-3381","page","type-page","status-publish","hentry"],"_links":{"self":[{"href":"https:\/\/oezkan.legal\/tr\/wp-json\/wp\/v2\/pages\/3381","targetHints":{"allow":["GET"]}}],"collection":[{"href":"https:\/\/oezkan.legal\/tr\/wp-json\/wp\/v2\/pages"}],"about":[{"href":"https:\/\/oezkan.legal\/tr\/wp-json\/wp\/v2\/types\/page"}],"author":[{"embeddable":true,"href":"https:\/\/oezkan.legal\/tr\/wp-json\/wp\/v2\/users\/2"}],"replies":[{"embeddable":true,"href":"https:\/\/oezkan.legal\/tr\/wp-json\/wp\/v2\/comments?post=3381"}],"version-history":[{"count":4,"href":"https:\/\/oezkan.legal\/tr\/wp-json\/wp\/v2\/pages\/3381\/revisions"}],"predecessor-version":[{"id":4521,"href":"https:\/\/oezkan.legal\/tr\/wp-json\/wp\/v2\/pages\/3381\/revisions\/4521"}],"wp:attachment":[{"href":"https:\/\/oezkan.legal\/tr\/wp-json\/wp\/v2\/media?parent=3381"}],"curies":[{"name":"wp","href":"https:\/\/api.w.org\/{rel}","templated":true}]}}