{"id":4478,"date":"2022-01-31T03:29:59","date_gmt":"2022-01-31T02:29:59","guid":{"rendered":"https:\/\/oezkan.legal\/tuerk-masasi\/"},"modified":"2025-01-06T12:21:38","modified_gmt":"2025-01-06T11:21:38","slug":"tuerk-masasi","status":"publish","type":"page","link":"https:\/\/oezkan.legal\/tr\/tuerk-masasi\/","title":{"rendered":"T\u00fcrk Masas\u0131"},"content":{"rendered":"\n<p><span style=\"font-weight: 400;\">T\u00fcrkiye pazar\u0131na girmeyi planl\u0131yor musunuz? \u00dclkedeki mevcut bir ticari faaliyetinizi geni\u015fletmek mi istiyorsunuz? T\u00fcrk tedarik\u00e7ilerle veya i\u015f ortaklar\u0131yla \u00e7al\u0131\u015f\u0131yor musunuz? Yabanc\u0131 yat\u0131r\u0131mc\u0131lar i\u00e7in giderek daha cazip hale gelen b\u00fcy\u00fcyen T\u00fcrk ekonomisinin sundu\u011fu f\u0131rsatlardan en iyi \u015fekilde yararlanabilmeniz i\u00e7in her sekt\u00f6re ve her ihtiyaca y\u00f6nelik \u00f6zelle\u015ftirilmi\u015f tavsiyeler sunuyoruz. Oezkan.Legal, T\u00fcrkiye'den bu alanda uzman iki kurum i\u00e7i avukat ile bu hukuk alan\u0131nda \u00e7al\u0131\u015fmaktad\u0131r.<\/span><\/p>\n\n<p><span style=\"font-weight: 400;\">Kurum i\u00e7i avukatlar\u0131m\u0131z\u0131n T\u00fcrkiye'de i\u015f ili\u015fkileri bulunan m\u00fcvekkillere dan\u0131\u015fmanl\u0131k yapma konusundaki uzun y\u0131llara dayanan deneyimi sayesinde, bu \u00fclkeyle ilgili hukuki meseleleriniz i\u00e7in ideal muhatab\u0131n\u0131z biziz. T\u00fcrkiye <a href=\"https:\/\/oezkan.legal\/tr\/tuerk-masasi\/\">Masam\u0131zdaki<\/a> uzmanlar, m\u00fcvekkillerimize etkili ve verimli destek sa\u011flamak i\u00e7in T\u00fcrkiye'nin <a href=\"https:\/\/anwaltverein.de\/de\/\" target=\"_blank\" rel=\"noopener\">\u00f6nde gelen hukuk b\u00fcrolar\u0131yla<\/a> yak\u0131n i\u015fbirli\u011fi i\u00e7inde \u00e7al\u0131\u015fmaktad\u0131r. Geli\u015fmi\u015f yerel a\u011f\u0131m\u0131z ve disiplinler aras\u0131 dan\u0131\u015fmanl\u0131\u011f\u0131m\u0131zla projeleriniz i\u00e7in optimum destek sa\u011flayabiliriz.<\/span><\/p>\n\n<p><span style=\"font-weight: 400;\">T\u00fcrkiye'de i\u015f yapmak, yerel yasal \u00e7er\u00e7evenin yo\u011fun bir \u015fekilde incelenmesini gerektirir. A\u015fina olunmayan idari prosed\u00fcrler ve i\u015f uygulamalar\u0131 da tuzaklar bar\u0131nd\u0131rabilir. T\u00fcrkiye'de i\u015f ili\u015fkileri olan m\u00fcvekkillere dan\u0131\u015fmanl\u0131k konusunda uzmanla\u015fm\u0131\u015f kurum i\u00e7i avukatlar\u0131m\u0131z (T\u00fcrk avukatlar), uzun y\u0131llara dayanan deneyimlerine ve g\u00fc\u00e7l\u00fc yerel a\u011flar\u0131na dayanarak size bireysel, ihtiya\u00e7 temelli tavsiyeler sunmaktad\u0131r.<\/span><\/p>\n\n<p><span style=\"font-weight: 400;\"><a href=\"https:\/\/oezkan.legal\/kanzlei\">Oezkan.legal<\/a> 'in T\u00fcrkiye Masas\u0131'ndaki avukatlar, T\u00fcrkiye-Avrupa ekonomik ve ticari ili\u015fkilerinin \u00f6zelliklerine a\u015finad\u0131r. Bu durum, bir yat\u0131r\u0131m yeri olarak T\u00fcrkiye'deki ekonomik ve k\u00fclt\u00fcrel ko\u015fullar i\u00e7in de ge\u00e7erlidir. \u00d6nde gelen T\u00fcrk hukuk b\u00fcrolar\u0131ndan meslekta\u015flar\u0131m\u0131zla birlikte, uzmanlar\u0131m\u0131z yat\u0131r\u0131m\u0131n\u0131z\u0131n t\u00fcm ticari, ticari ve d\u00fczenleyici y\u00f6nleri hakk\u0131nda kapsaml\u0131, disiplinler aras\u0131 ve hedef odakl\u0131 tavsiyeler sunmaktad\u0131r.<\/span><\/p>\n\n<p><strong><em>T\u00fcrk\u00e7e Masam\u0131z, T\u00fcrkiye'deki ticari faaliyetlerinizde size her konuda yard\u0131mc\u0131 olmaktan mutluluk duyacakt\u0131r. \u00d6zel talebinizi g\u00f6r\u00fc\u015fmek i\u00e7in l\u00fctfen bizimle ileti\u015fime ge\u00e7in. T\u00fcrkiye ile i\u015f ili\u015fkileri kuruyoruz.  <\/em><\/strong><\/p>\n","protected":false},"excerpt":{"rendered":"<p>T\u00fcrkiye pazar\u0131na girmeyi planl\u0131yor musunuz? \u00dclkedeki mevcut bir ticari faaliyetinizi geni\u015fletmek mi istiyorsunuz? T\u00fcrk tedarik\u00e7ilerle veya i\u015f ortaklar\u0131yla \u00e7al\u0131\u015f\u0131yor musunuz? Yabanc\u0131 yat\u0131r\u0131mc\u0131lar i\u00e7in giderek daha cazip hale gelen b\u00fcy\u00fcyen T\u00fcrk ekonomisinin sundu\u011fu f\u0131rsatlardan en iyi \u015fekilde yararlanabilmeniz i\u00e7in her sekt\u00f6re ve her ihtiyaca y\u00f6nelik \u00f6zelle\u015ftirilmi\u015f tavsiyeler sunuyoruz. Oezkan.Legal, T\u00fcrkiye'den bu alanda uzman iki kurum i\u00e7i [&hellip;]<\/p>\n","protected":false},"author":2,"featured_media":0,"parent":0,"menu_order":0,"comment_status":"closed","ping_status":"closed","template":"","meta":{"footnotes":""},"class_list":["post-4478","page","type-page","status-publish","hentry"],"_links":{"self":[{"href":"https:\/\/oezkan.legal\/tr\/wp-json\/wp\/v2\/pages\/4478","targetHints":{"allow":["GET"]}}],"collection":[{"href":"https:\/\/oezkan.legal\/tr\/wp-json\/wp\/v2\/pages"}],"about":[{"href":"https:\/\/oezkan.legal\/tr\/wp-json\/wp\/v2\/types\/page"}],"author":[{"embeddable":true,"href":"https:\/\/oezkan.legal\/tr\/wp-json\/wp\/v2\/users\/2"}],"replies":[{"embeddable":true,"href":"https:\/\/oezkan.legal\/tr\/wp-json\/wp\/v2\/comments?post=4478"}],"version-history":[{"count":1,"href":"https:\/\/oezkan.legal\/tr\/wp-json\/wp\/v2\/pages\/4478\/revisions"}],"predecessor-version":[{"id":4479,"href":"https:\/\/oezkan.legal\/tr\/wp-json\/wp\/v2\/pages\/4478\/revisions\/4479"}],"wp:attachment":[{"href":"https:\/\/oezkan.legal\/tr\/wp-json\/wp\/v2\/media?parent=4478"}],"curies":[{"name":"wp","href":"https:\/\/api.w.org\/{rel}","templated":true}]}}