{"id":4488,"date":"2022-01-31T14:33:43","date_gmt":"2022-01-31T13:33:43","guid":{"rendered":"https:\/\/oezkan.legal\/goec-hukuku\/"},"modified":"2025-01-06T12:27:19","modified_gmt":"2025-01-06T11:27:19","slug":"goec-hukuku","status":"publish","type":"page","link":"https:\/\/oezkan.legal\/tr\/goec-hukuku\/","title":{"rendered":"G\u00f6\u00e7 hukuku"},"content":{"rendered":"\n<p><span style=\"font-weight: 400;\">G\u00f6\u00e7 hukukunda uzman bir avukat\u0131n tavsiyesi esast\u0131r. Takdir yetkisinin kullan\u0131lmas\u0131na ili\u015fkin yasal d\u00fczenlemeler, idari h\u00fck\u00fcmler ve ilgili makamlar\u0131n direktifleri olduk\u00e7a kafa kar\u0131\u015ft\u0131r\u0131c\u0131d\u0131r, s\u00fcrekli de\u011fi\u015fime tabidir ve k\u0131smen men\u015fe \u00fclkeye ba\u011fl\u0131d\u0131r. AB hukuku ve Avrupa Adalet Divan\u0131 (ATAD) i\u00e7tihad\u0131 giderek daha \u00f6nemli hale gelmektedir.<\/span><\/p>\n\n<p><em><b>Alman vatanda\u015f\u0131 olmayan ki\u015filerle ilgili t\u00fcm konularda size dan\u0131\u015fmanl\u0131k yap\u0131yor ve sizi temsil ediyorum.<\/b><\/em><\/p>\n","protected":false},"excerpt":{"rendered":"<p>G\u00f6\u00e7 hukukunda uzman bir avukat\u0131n tavsiyesi esast\u0131r. Takdir yetkisinin kullan\u0131lmas\u0131na ili\u015fkin yasal d\u00fczenlemeler, idari h\u00fck\u00fcmler ve ilgili makamlar\u0131n direktifleri olduk\u00e7a kafa kar\u0131\u015ft\u0131r\u0131c\u0131d\u0131r, s\u00fcrekli de\u011fi\u015fime tabidir ve k\u0131smen men\u015fe \u00fclkeye ba\u011fl\u0131d\u0131r. AB hukuku ve Avrupa Adalet Divan\u0131 (ATAD) i\u00e7tihad\u0131 giderek daha \u00f6nemli hale gelmektedir. Alman vatanda\u015f\u0131 olmayan ki\u015filerle ilgili t\u00fcm konularda size dan\u0131\u015fmanl\u0131k yap\u0131yor ve sizi [&hellip;]<\/p>\n","protected":false},"author":2,"featured_media":0,"parent":0,"menu_order":0,"comment_status":"closed","ping_status":"closed","template":"","meta":{"footnotes":""},"class_list":["post-4488","page","type-page","status-publish","hentry"],"_links":{"self":[{"href":"https:\/\/oezkan.legal\/tr\/wp-json\/wp\/v2\/pages\/4488","targetHints":{"allow":["GET"]}}],"collection":[{"href":"https:\/\/oezkan.legal\/tr\/wp-json\/wp\/v2\/pages"}],"about":[{"href":"https:\/\/oezkan.legal\/tr\/wp-json\/wp\/v2\/types\/page"}],"author":[{"embeddable":true,"href":"https:\/\/oezkan.legal\/tr\/wp-json\/wp\/v2\/users\/2"}],"replies":[{"embeddable":true,"href":"https:\/\/oezkan.legal\/tr\/wp-json\/wp\/v2\/comments?post=4488"}],"version-history":[{"count":1,"href":"https:\/\/oezkan.legal\/tr\/wp-json\/wp\/v2\/pages\/4488\/revisions"}],"predecessor-version":[{"id":4489,"href":"https:\/\/oezkan.legal\/tr\/wp-json\/wp\/v2\/pages\/4488\/revisions\/4489"}],"wp:attachment":[{"href":"https:\/\/oezkan.legal\/tr\/wp-json\/wp\/v2\/media?parent=4488"}],"curies":[{"name":"wp","href":"https:\/\/api.w.org\/{rel}","templated":true}]}}