{"id":4506,"date":"2022-01-31T03:06:07","date_gmt":"2022-01-31T02:06:07","guid":{"rendered":"https:\/\/oezkan.legal\/hakkimizda\/"},"modified":"2025-01-07T11:06:53","modified_gmt":"2025-01-07T10:06:53","slug":"hakkimizda","status":"publish","type":"page","link":"https:\/\/oezkan.legal\/tr\/hakkimizda\/","title":{"rendered":"Hakk\u0131m\u0131zda"},"content":{"rendered":"\n<h2 class=\"wp-block-heading has-text-align-center\"><span style=\"color: #e5936b;\">\u00c7ok dilli, yetkin ve sayg\u0131n<\/span> - \u00d6zkan Hukuk B\u00fcrosu ceza hukuku, g\u00f6\u00e7 hukuku, g\u00f6\u00e7menlik ve iltica hukuku alanlar\u0131nda yan\u0131n\u0131zda.<\/h2>\n\n<p>Offenbach am Main \u00d6zkan Hukuk B\u00fcrosu, profesyonel ve yetkin bir ekiple ceza hukuku, g\u00f6\u00e7 hukuku, g\u00f6\u00e7menlik ve iltica hukuku alanlar\u0131nda \u00e7al\u0131\u015fmaktad\u0131r.<\/p>\n\n<p>Say\u0131n \u00d6zkan,<strong> g\u00f6\u00e7menlik hukuku, g\u00f6\u00e7<\/strong> <strong>hukuku<\/strong> ve <strong>ceza hukuku<\/strong> konular\u0131nda uzman muhatab\u0131n\u0131zd\u0131r.<\/p>\n\n<p>Endi\u015felerinizle kararl\u0131, empatik ve azimli bir \u015fekilde ilgilenir ve size m\u00fcmk\u00fcn olan en iyi \u00e7\u00f6z\u00fcmleri sunar.<\/p>\n\n<p>\u00d6zkan, Giessen'deki Justus Liebig \u00dcniversitesi'nde ve Frankfurt'taki Johann Wolfgang Goethe \u00dcniversitesi'nde hukuk e\u011fitimi almaya karar verdi. Frankfurt am Main Y\u00fcksek B\u00f6lge Mahkemesi b\u00f6lgesinde avukatl\u0131k staj\u0131n\u0131 tamamlad\u0131 ve 2016 y\u0131l\u0131nda baroya kabul edildi. Kendi hukuk b\u00fcrosunu kurmadan \u00f6nce Neuss'ta bir hukuk b\u00fcrosunda ilk mesleki deneyimini kazanm\u0131\u015ft\u0131r. Ayr\u0131ca, Say\u0131n \u00d6zkan, DeutscheAnwaltAkademie'de g\u00f6\u00e7 hukuku alan\u0131nda 3. uzman avukatl\u0131k kursu i\u00e7in teorik s\u0131nav\u0131 ba\u015far\u0131yla ge\u00e7ti ve 2019 y\u0131l\u0131nda Offenbach am Main'da hukuk b\u00fcrosunu a\u00e7t\u0131. Avrupa ve \u00f6zellikle Almanya, g\u00f6\u00e7\u00fcn istikrarl\u0131 bir \u015fekilde artmas\u0131yla birlikte <a href=\"https:\/\/oezkan.legal\/tr\/goec-hukuku\/\">g\u00f6\u00e7<\/a> i\u00e7in ana hedef \u00fclke olarak giderek daha cazip hale gelmi\u015ftir. Nitelikli \u00e7al\u0131\u015fanlar\u0131n ve serbest meslek sahiplerinin artan g\u00f6\u00e7\u00fcne ek olarak, gen\u00e7ler de burada e\u011fitim g\u00f6rmek amac\u0131yla Almanya'ya \u00e7ekilmektedir. Yeni Vas\u0131fl\u0131 \u0130\u015fg\u00fcc\u00fc G\u00f6\u00e7 Yasas\u0131 ile Federal H\u00fck\u00fcmet, \u00fc\u00e7\u00fcnc\u00fc \u00fclkelerden nitelikli vas\u0131fl\u0131 i\u015f\u00e7ilerin hedeflenen ve artan g\u00f6\u00e7\u00fc i\u00e7in bir \u00e7er\u00e7eve olu\u015fturmaktad\u0131r. Ama\u00e7, y\u00fcksek personel talebi ve bo\u015f ba\u015fvuru piyasalar\u0131 nedeniyle burada acilen ihtiya\u00e7 duyulan kalifiye i\u015f\u00e7ilerin Almanya'ya gelebilmelerini sa\u011flamakt\u0131r. \u00dcniversite mezunlar\u0131n\u0131n yan\u0131 s\u0131ra, bunlar \u00f6ncelikle nitelikli mesleki e\u011fitim alm\u0131\u015f ki\u015filerdir.<\/p>\n\n<p>Her g\u00f6\u00e7 politikas\u0131n\u0131n amac\u0131, yabanc\u0131lar\u0131n Almanya'ya geli\u015flerini ve Almanya'da kal\u0131\u015flar\u0131n\u0131 g\u00fcvenilir bir \u015fekilde d\u00fczenlemek olmal\u0131d\u0131r. Bu, insani hususlar g\u00f6z \u00f6n\u00fcnde bulundurularak ve Almanya'daki demografik geli\u015fimin arka plan\u0131nda yap\u0131lm\u0131\u015ft\u0131r.<\/p>\n\n<p>Uzun s\u00fcredir Almanya'da bulunan m\u00fcvekkiller i\u00e7in g\u00fcvenli ve ba\u015far\u0131l\u0131 bir gelece\u011fe y\u00f6nelik ilk ad\u0131m, \u00f6nceki ikametlerinin de\u011ferlendirilmesini i\u00e7erir. Ma\u011fdurlar i\u00e7in g\u00f6\u00e7 hukuku alan\u0131nda uzmanla\u015fm\u0131\u015f bir avukat olarak Oezkan.legal ekibi, Alman makamlar\u0131, mahkemeler veya vize daireleri nezdindeki i\u015flemlerin her a\u015famas\u0131nda m\u00fcvekkillerinin haklar\u0131n\u0131 savunmay\u0131 bir g\u00f6rev olarak g\u00f6rmektedir.<\/p>\n\n<p>Offenbach am Main'daki hukuk b\u00fcromuzda, d\u00fcnyan\u0131n her yerinden m\u00fcvekkillerle ilgileniyoruz ve \u00e7e\u015fitli \u00fclkelerin ve k\u00f6ken k\u00fclt\u00fcrlerin \u00f6zelliklerine uyum sa\u011fl\u0131yoruz. Hukuki dan\u0131\u015fmanl\u0131k Almanca, \u0130ngilizce ve T\u00fcrk\u00e7e dillerinde yap\u0131lmaktad\u0131r. Ofis personelinin yard\u0131m\u0131yla \u0130talyanca, Dari, Fars\u00e7a ve Urduca dillerinde dan\u0131\u015fmanl\u0131k hizmeti vermek m\u00fcmk\u00fcnd\u00fcr.<\/p>\n","protected":false},"excerpt":{"rendered":"<p>\u00c7ok dilli, yetkin ve sayg\u0131n - \u00d6zkan Hukuk B\u00fcrosu ceza hukuku, g\u00f6\u00e7 hukuku, g\u00f6\u00e7menlik ve iltica hukuku alanlar\u0131nda yan\u0131n\u0131zda. Offenbach am Main \u00d6zkan Hukuk B\u00fcrosu, profesyonel ve yetkin bir ekiple ceza hukuku, g\u00f6\u00e7 hukuku, g\u00f6\u00e7menlik ve iltica hukuku alanlar\u0131nda \u00e7al\u0131\u015fmaktad\u0131r. Say\u0131n \u00d6zkan, g\u00f6\u00e7menlik hukuku, g\u00f6\u00e7 hukuku ve ceza hukuku konular\u0131nda uzman muhatab\u0131n\u0131zd\u0131r. Endi\u015felerinizle kararl\u0131, empatik [&hellip;]<\/p>\n","protected":false},"author":2,"featured_media":0,"parent":0,"menu_order":0,"comment_status":"closed","ping_status":"closed","template":"","meta":{"footnotes":""},"class_list":["post-4506","page","type-page","status-publish","hentry"],"_links":{"self":[{"href":"https:\/\/oezkan.legal\/tr\/wp-json\/wp\/v2\/pages\/4506","targetHints":{"allow":["GET"]}}],"collection":[{"href":"https:\/\/oezkan.legal\/tr\/wp-json\/wp\/v2\/pages"}],"about":[{"href":"https:\/\/oezkan.legal\/tr\/wp-json\/wp\/v2\/types\/page"}],"author":[{"embeddable":true,"href":"https:\/\/oezkan.legal\/tr\/wp-json\/wp\/v2\/users\/2"}],"replies":[{"embeddable":true,"href":"https:\/\/oezkan.legal\/tr\/wp-json\/wp\/v2\/comments?post=4506"}],"version-history":[{"count":1,"href":"https:\/\/oezkan.legal\/tr\/wp-json\/wp\/v2\/pages\/4506\/revisions"}],"predecessor-version":[{"id":4507,"href":"https:\/\/oezkan.legal\/tr\/wp-json\/wp\/v2\/pages\/4506\/revisions\/4507"}],"wp:attachment":[{"href":"https:\/\/oezkan.legal\/tr\/wp-json\/wp\/v2\/media?parent=4506"}],"curies":[{"name":"wp","href":"https:\/\/api.w.org\/{rel}","templated":true}]}}